{"id":3,"date":"2022-04-26T19:23:54","date_gmt":"2022-04-26T19:23:54","guid":{"rendered":"https:\/\/strickliesl-weingarten.de\/?page_id=3"},"modified":"2022-05-08T17:19:49","modified_gmt":"2022-05-08T17:19:49","slug":"privacy-policy","status":"publish","type":"page","link":"https:\/\/strickliesl-weingarten.de\/index.php\/privacy-policy\/","title":{"rendered":"Web-Impressum"},"content":{"rendered":"\n<p>der Firma &#8222;Strickliesl&#8220;, Weingarten<\/p>\n\n\n\n<p>Diese Seiten werden betrieben und verantwortet von:<br>Firma Strickliesl<br>Frau Rosemarie Cacciatore<br>Einzelunternehmerin<br>Zeppelinstra\u00dfe 3<br>88250 Weingarten<br>D &#8211; Germany<\/p>\n\n\n\n<h3 class=\"wp-block-heading\">Unmittelbare elektronische Kontaktaufnahme:<\/h3>\n\n\n\n<p>Tel: 0751\/46655<br>International: +49 751 46655<br>Email: strickliesl_weingarten@web.de<\/p>\n\n\n\n<p><br>Umsatzsteuer-Identifikations-Nr. (UStID)<br>77411\/20307<\/p>\n\n\n\n<h3 class=\"wp-block-heading\">Inhaltlich verantwortlich:<\/h3>\n\n\n\n<p>Rosemarie Cacciatore (Adresse wie oben)<\/p>\n\n\n\n<h2 class=\"wp-block-heading\">Datenschutzerkl\u00e4rung<\/h2>\n\n\n\n<p>Als Webseitenbetreiber nehmen wir den Schutz aller pers\u00f6nlichen Daten sehr ernst. Alle personenbezogenen Informationen werden vertraulich und gem\u00e4\u00df den gesetzlichen Vorschriften behandelt, wie in dieser Datenschutzerkl\u00e4rung erl\u00e4utert.<\/p>\n\n\n\n<p><br>Unserer Webseite kann selbstverst\u00e4ndlich genutzt werden, ohne dass Sie pers\u00f6nliche Daten angeben. Wenn jedoch zu irgendeinem Zeitpunkt pers\u00f6nliche Daten wie z.B. Name, Adresse oder E-Mail abgefragt werden, wird dies auf freiwilliger Basis geschehen. Niemals werden von uns erhobene Daten ohne Ihre spezielle Genehmigung an Dritte weitergegeben.<\/p>\n\n\n\n<p><br>Daten\u00fcbertragung im Internet, wie zum Beispiel \u00fcber E-Mail, kann immer Sicherheitsl\u00fccken aufweisen. Der komplette Schutz der Daten ist im Internet nicht m\u00f6glich.<\/p>\n\n\n\n<p><\/p>\n\n\n\n<figure class=\"wp-block-image size-full\"><img decoding=\"async\" src=\"https:\/\/strickliesl-weingarten.de\/wp-content\/uploads\/2022\/05\/Strickliesl_freigestellt.png\" alt=\"\" class=\"wp-image-27\"\/><\/figure>\n\n\n\n<h2 class=\"wp-block-heading\">Cookies<\/h2>\n\n\n\n<p>Viele Internetseiten verwenden Cookies. Cookies sind unsch\u00e4dlich f\u00fcr Ihren Rechner und virenfrei. Sie dienen dazu, Internet-Angebote f\u00fcr die Besucher einer Webseite freundlicher, effektiver und sicherer zu machen. Cookies sind kleine Textdateien, die auf Ihrem Computer abgelegt werden und die Ihr Browser verwendet.<\/p>\n\n\n\n<p><br>Wir verwenden in der Regel so genannte \u201eSession-Cookies\u201c. Diese werden nach Verlassen unserer Seite automatisch gel\u00f6scht. Andere Cookies bleiben auf Ihrem Computer gespeichert, bis Sie diese l\u00f6schen. Diese Cookies helfen dabei, Ihren Rechner beim n\u00e4chsten Besuch wiederzuerkennen.<\/p>\n\n\n\n<p><br>\u00dcber die Browsereinstellungen k\u00f6nnen sie festlegen, dass Sie \u00fcber neue Cookies informiert werden und Cookies jeweils annehmen m\u00fcssen. Ebenso k\u00f6nnen Sie die Annahme von Cookies f\u00fcr bestimmte F\u00e4lle oder generell ausschlie\u00dfen oder das automatische L\u00f6schen der Cookies beim Schlie\u00dfen des Browser aktivieren. Werden Cookies desaktiviert, kann die Funktionalit\u00e4t unserer Website eingeschr\u00e4nkt sein.<\/p>\n\n\n\n<p><br>Zust\u00e4ndig f\u00fcr den Datenschutz, f\u00fcr L\u00f6schantr\u00e4ge usw. (Datenschutzbeauftragte):<br>Frau Rosemarie Cacciatore, Adresse wie oben<\/p>\n","protected":false},"excerpt":{"rendered":"<p>der Firma &#8222;Strickliesl&#8220;, Weingarten Diese Seiten werden betrieben und verantwortet von:Firma StricklieslFrau Rosemarie CacciatoreEinzelunternehmerinZeppelinstra\u00dfe 388250 WeingartenD &#8211; Germany Unmittelbare elektronische Kontaktaufnahme: Tel: 0751\/46655International: +49 751 46655Email: strickliesl_weingarten@web.de Umsatzsteuer-Identifikations-Nr. (UStID)77411\/20307 Inhaltlich verantwortlich: Rosemarie Cacciatore (Adresse wie oben) Datenschutzerkl\u00e4rung Als Webseitenbetreiber nehmen wir den Schutz aller pers\u00f6nlichen Daten sehr ernst. Alle personenbezogenen Informationen werden vertraulich und gem\u00e4\u00df [&hellip;]<\/p>\n","protected":false},"author":1,"featured_media":0,"parent":0,"menu_order":0,"comment_status":"closed","ping_status":"open","template":"","meta":{"footnotes":""},"class_list":["post-3","page","type-page","status-publish","hentry"],"_links":{"self":[{"href":"https:\/\/strickliesl-weingarten.de\/index.php\/wp-json\/wp\/v2\/pages\/3","targetHints":{"allow":["GET"]}}],"collection":[{"href":"https:\/\/strickliesl-weingarten.de\/index.php\/wp-json\/wp\/v2\/pages"}],"about":[{"href":"https:\/\/strickliesl-weingarten.de\/index.php\/wp-json\/wp\/v2\/types\/page"}],"author":[{"embeddable":true,"href":"https:\/\/strickliesl-weingarten.de\/index.php\/wp-json\/wp\/v2\/users\/1"}],"replies":[{"embeddable":true,"href":"https:\/\/strickliesl-weingarten.de\/index.php\/wp-json\/wp\/v2\/comments?post=3"}],"version-history":[{"count":2,"href":"https:\/\/strickliesl-weingarten.de\/index.php\/wp-json\/wp\/v2\/pages\/3\/revisions"}],"predecessor-version":[{"id":28,"href":"https:\/\/strickliesl-weingarten.de\/index.php\/wp-json\/wp\/v2\/pages\/3\/revisions\/28"}],"wp:attachment":[{"href":"https:\/\/strickliesl-weingarten.de\/index.php\/wp-json\/wp\/v2\/media?parent=3"}],"curies":[{"name":"wp","href":"https:\/\/api.w.org\/{rel}","templated":true}]}}