{"id":8,"date":"2022-05-08T16:07:49","date_gmt":"2022-05-08T16:07:49","guid":{"rendered":"https:\/\/strickliesl-weingarten.de\/?page_id=8"},"modified":"2022-05-08T17:27:23","modified_gmt":"2022-05-08T17:27:23","slug":"ueber-mich","status":"publish","type":"page","link":"https:\/\/strickliesl-weingarten.de\/index.php\/ueber-mich\/","title":{"rendered":"\u00dcber mich"},"content":{"rendered":"\n<h2 class=\"wp-block-heading\">Von der Leidenschaft f\u00fcr Handarbeit zum eigenen Handarbeitsgesch\u00e4ft<\/h2>\n\n\n\n<p>Bereits in jungen Jahren begeisterte ich mich f\u00fcr Stricken und H\u00e4keln. Was zun\u00e4chst als Hobby begann und sich zu meiner Leidenschaft entwickelte, sollte viele viele Jahre sp\u00e4ter zur Er\u00f6ffnung meines eigenen Handarbeitsfachgesch\u00e4fts f\u00fchren: die Strickliesl Weingarten!<\/p>\n\n\n\n<h2 class=\"wp-block-heading\">2008: Angestellte in einem Handarbeitsgesch\u00e4ft<\/h2>\n\n\n\n<p>F\u00fcr mich war Handarbeit immer nur ein Hobby, das ich \u00fcberall ausgelebt habe. Wo Rosemarie war, da war auch Wolle. Ich war die &#8222;Stricktante&#8220;.<br>Alles begann mit der Frage einer Freundin: &#8222;In der Stadt Ravensburg suchen sie jemandem im Strickladen. Willst du da nicht mal nachfragen?&#8220; Gesagt, getan! 7 Jahre lang dort gearbeitet.<\/p>\n\n\n\n<h2 class=\"wp-block-heading\">2015: Handarbeitsgesch\u00e4ft \u00fcbernommen<\/h2>\n\n\n\n<p>Schon wieder kam eine Freundin ins Spiel. &#8222;In Weingarten f\u00fchren zwei nette \u00e4ltere Damen ein Handarbeitsgesch\u00e4ft, aber es gibt keinen Nachfolger.&#8220; Warum eigentlich nicht, dachte ich mir. Bei einem Besuch in deren Gesch\u00e4ft stellte sich heraus, dass sich mir die M\u00f6glichkeit bot, zu \u00fcbernehmen. Gesagt, getan! Die \u00dcbernahme erfolgte am 1. Juli 2015.<\/p>\n\n\n\n<h2 class=\"wp-block-heading\">2016: Umzug in die Zeppelinstra\u00dfe 3<\/h2>\n\n\n\n<p>Bald wurde mir klar, hier kann ich meine Ideen nicht voll umsetzen: etwas Gr\u00f6\u00dferes musste her! Im Februar 2016 war es dann soweit. Meine treuen Gef\u00e4hrten, die Wollkn\u00e4uel und ich, machten uns auf den Weg in die neue Zukunft.<br>Endlich war auch genug Platz vorhanden, um Strickkurse zu geben.<\/p>\n","protected":false},"excerpt":{"rendered":"<p>Von der Leidenschaft f\u00fcr Handarbeit zum eigenen Handarbeitsgesch\u00e4ft Bereits in jungen Jahren begeisterte ich mich f\u00fcr Stricken und H\u00e4keln. Was zun\u00e4chst als Hobby begann und sich zu meiner Leidenschaft entwickelte, sollte viele viele Jahre sp\u00e4ter zur Er\u00f6ffnung meines eigenen Handarbeitsfachgesch\u00e4fts f\u00fchren: die Strickliesl Weingarten! 2008: Angestellte in einem Handarbeitsgesch\u00e4ft F\u00fcr mich war Handarbeit immer nur [&hellip;]<\/p>\n","protected":false},"author":1,"featured_media":0,"parent":0,"menu_order":0,"comment_status":"closed","ping_status":"closed","template":"","meta":{"footnotes":""},"class_list":["post-8","page","type-page","status-publish","hentry"],"_links":{"self":[{"href":"https:\/\/strickliesl-weingarten.de\/index.php\/wp-json\/wp\/v2\/pages\/8","targetHints":{"allow":["GET"]}}],"collection":[{"href":"https:\/\/strickliesl-weingarten.de\/index.php\/wp-json\/wp\/v2\/pages"}],"about":[{"href":"https:\/\/strickliesl-weingarten.de\/index.php\/wp-json\/wp\/v2\/types\/page"}],"author":[{"embeddable":true,"href":"https:\/\/strickliesl-weingarten.de\/index.php\/wp-json\/wp\/v2\/users\/1"}],"replies":[{"embeddable":true,"href":"https:\/\/strickliesl-weingarten.de\/index.php\/wp-json\/wp\/v2\/comments?post=8"}],"version-history":[{"count":2,"href":"https:\/\/strickliesl-weingarten.de\/index.php\/wp-json\/wp\/v2\/pages\/8\/revisions"}],"predecessor-version":[{"id":10,"href":"https:\/\/strickliesl-weingarten.de\/index.php\/wp-json\/wp\/v2\/pages\/8\/revisions\/10"}],"wp:attachment":[{"href":"https:\/\/strickliesl-weingarten.de\/index.php\/wp-json\/wp\/v2\/media?parent=8"}],"curies":[{"name":"wp","href":"https:\/\/api.w.org\/{rel}","templated":true}]}}